{"id":214,"date":"2018-12-06T12:03:02","date_gmt":"2018-12-06T12:03:02","guid":{"rendered":"http:\/\/kerstinjaved.de\/?page_id=214"},"modified":"2026-01-05T11:39:26","modified_gmt":"2026-01-05T11:39:26","slug":"anwendungen","status":"publish","type":"page","link":"https:\/\/kerstinjaved.de\/?page_id=214","title":{"rendered":"Anwendungen"},"content":{"rendered":"\n<p><strong>Die<\/strong> <strong>medizinische Fu\u00dfpflege<\/strong> <\/p>\n\n\n\n<p>ist in meinem Studio eine der wichtigsten Behandlungen, die ich durchf\u00fchre. In der Fu\u00dfpflege geht es nicht nur darum die Fu\u00dfn\u00e4gel zu schneiden und etwas Hornhaut weg zu machen.<\/p>\n\n\n\n<p>Die Fu\u00dfpflege f\u00e4ngt schon beim Gangbild des Patienten an. Bereits daraus lassen sich unter anderem Druckstellen, H\u00fchneraugen, Hornhaut und vieles mehr erkl\u00e4ren. <\/p>\n\n\n\n<p><\/p>\n\n\n\n<p><strong>Nagelspangentechiken wie B\/S Spange, <\/strong><\/p>\n\n\n\n<p>Nagelkorrektur, f\u00fcr die erfolgreiche Behandlung eingewachsener N\u00e4gel.<\/p>\n\n\n\n<p>Am Anfang stehen der Schmerz und die Hoffnung auf Heilung.<\/p>\n\n\n\n<p>Sofort sp\u00fcrbare Erleichterung durch diese Anwendung.<\/p>\n\n\n\n<p><\/p>\n\n\n\n<p><strong>Manik\u00fcre<\/strong><\/p>\n\n\n\n<p>Die klassische Manik\u00fcre umfasst das Schneiden und das Feilen der N\u00e4gel, die Bearbeitung der Nagelhaut, sowie die Desinfektion und Pflege der Haut. Eine Handmassage rundet die Manik\u00fcre ab. Nach Wunsch k\u00f6nnen die N\u00e4gel dann noch mit klarem oder farbigen Lack \u00fcberzogen werden.<\/p>\n\n\n\n<p><\/p>\n\n\n\n<p><strong>Klangschalen Massage<\/strong><\/p>\n\n\n\n<p>Klangmassage geh\u00f6rt zu den <strong>alternativen Heilungsmethoden<\/strong>, die bereits seit sehr, sehr langer Zeit in Nepal, Tibet und Indien angewendet werden.<\/p>\n\n\n\n<p>Die Klangmassage wurde weiterentwickelt und <strong>unterst\u00fctzt <\/strong>heute in Therapie, Beratung und Medizin sowie in der P\u00e4dagogik.<\/p>\n\n\n\n<p>Feine Vibrationen, die durch rhythmische Klangschwingungen erzeugt werden, <strong>wirken ganzheitlich auf unseren K\u00f6rper.<\/strong><\/p>\n\n\n\n<p>Das Loslassen von Sorgen, Stress und \u00c4ngsten ist sehr wichtig. Diese Gef\u00fchle sind schlecht f\u00fcr unsere Gesundheit.<\/p>\n\n\n\n<p>W\u00e4hrend einer Klangmassage versetzen wir unseren K\u00f6rper in ein sorgloses und stressfreies Gef\u00fchl.<\/p>\n\n\n\n<p><strong>Unser K\u00f6rper kommt zur Ruhe, kann sich tief entspannen und regenerieren.<\/strong><\/p>\n\n\n\n<p>Wir werden vitalisiert und gest\u00e4rkt.<\/p>\n\n\n\n<p>Diese ganzheitliche Methode wirkt auch wieder auf K\u00f6rper, Geist und Seele.<\/p>\n\n\n\n<p><\/p>\n\n\n\n<p><\/p>\n\n\n\n<p><\/p>\n\n\n\n<p><strong>Reiki<\/strong><\/p>\n\n\n\n<p><strong><em>Reiki\u00a0<\/em>ist eine universelle Lebensenergie.<\/strong><\/p>\n\n\n\n<p><strong><em>Reiki<\/em>\u00a0ist eine Energie, die in uns allen ist und uns erh\u00e4lt.<\/strong><\/p>\n\n\n\n<p>Sie ist eine <strong>nat\u00fcrliche Heilmethode,<\/strong> die wir f\u00fcr uns allein oder aber auch mit anderen anwenden k\u00f6nnen. Diese\u00a0<em>Reiki<\/em>-Kraft flie\u00dft f\u00fcr uns, wenn wir es m\u00f6chten. Sie ist unersch\u00f6pflich! <\/p>\n\n\n\n<p><strong>Die nat\u00fcrlichen Selbstheilungskr\u00e4fte werden durch Reiki gest\u00e4rkt <\/strong>und es wird ein Gleichgewicht von K\u00f6rper, Geist und Seele hergestellt.<\/p>\n\n\n\n<p>Dadurch wird <strong>Stress abgebaut und Blockaden werden so im K\u00f6rper gel\u00f6st. <\/strong>Wir entgiften und entschlacken auf nat\u00fcrliche Weise und erreichen so einen besonderen Zustand von Ruhe und Entspannung.<\/p>\n\n\n\n<p><strong><em>Dr. Mikao Usui<\/em>\u00a0entwickelte\u00a0<em>Reiki<\/em><\/strong>\u00a0Anfang des 20. Jahrhunderts in Japan. Er unterrichtete dort und er\u00f6ffnete eine Reiki-Praxis. So verbreitete Reiki sich bis heute weltweit und hilft den Menschen physisch, emotional, seelisch und mental.<\/p>\n\n\n\n<p class=\"has-text-align-center\"><strong>Grundst\u00e4tze der Reiki-Kraft:<\/strong><\/p>\n\n\n\n<p><\/p>\n\n\n\n<p class=\"has-text-align-center\"><em><strong>Gerade heute will ich dankbar sein.<\/strong><\/em><\/p>\n\n\n\n<p class=\"has-text-align-center\"><em><strong>Gerade heute will ich mich nicht sorgen.<\/strong><\/em><\/p>\n\n\n\n<p class=\"has-text-align-center\"><em><strong>Gerade heute will ich mich nicht z\u00fcrnen.<\/strong><\/em><\/p>\n\n\n\n<p class=\"has-text-align-center\"><em><strong>Gerade heute will ich redlich arbeiten.<\/strong><\/em><\/p>\n\n\n\n<p class=\"has-text-align-center\"><em><strong>Gerade heute will alle Wesen lieben und<\/strong> <strong>achten.<\/strong><\/em><\/p>\n\n\n\n<p><\/p>\n\n\n\n<p class=\"has-text-align-center\"><\/p>\n","protected":false},"excerpt":{"rendered":"<p>Die medizinische Fu\u00dfpflege ist in meinem Studio eine der wichtigsten Behandlungen, die ich durchf\u00fchre. In der Fu\u00dfpflege geht es nicht nur darum die Fu\u00dfn\u00e4gel zu schneiden und etwas Hornhaut weg zu machen. Die Fu\u00dfpflege f\u00e4ngt schon beim Gangbild des Patienten an. Bereits daraus lassen sich unter anderem Druckstellen, H\u00fchneraugen, Hornhaut und vieles mehr erkl\u00e4ren. Nagelspangentechiken<\/p>\n","protected":false},"author":1,"featured_media":0,"parent":0,"menu_order":0,"comment_status":"closed","ping_status":"closed","template":"","meta":{"footnotes":""},"class_list":["post-214","page","type-page","status-publish","hentry"],"_links":{"self":[{"href":"https:\/\/kerstinjaved.de\/index.php?rest_route=\/wp\/v2\/pages\/214","targetHints":{"allow":["GET"]}}],"collection":[{"href":"https:\/\/kerstinjaved.de\/index.php?rest_route=\/wp\/v2\/pages"}],"about":[{"href":"https:\/\/kerstinjaved.de\/index.php?rest_route=\/wp\/v2\/types\/page"}],"author":[{"embeddable":true,"href":"https:\/\/kerstinjaved.de\/index.php?rest_route=\/wp\/v2\/users\/1"}],"replies":[{"embeddable":true,"href":"https:\/\/kerstinjaved.de\/index.php?rest_route=%2Fwp%2Fv2%2Fcomments&post=214"}],"version-history":[{"count":8,"href":"https:\/\/kerstinjaved.de\/index.php?rest_route=\/wp\/v2\/pages\/214\/revisions"}],"predecessor-version":[{"id":326,"href":"https:\/\/kerstinjaved.de\/index.php?rest_route=\/wp\/v2\/pages\/214\/revisions\/326"}],"wp:attachment":[{"href":"https:\/\/kerstinjaved.de\/index.php?rest_route=%2Fwp%2Fv2%2Fmedia&parent=214"}],"curies":[{"name":"wp","href":"https:\/\/api.w.org\/{rel}","templated":true}]}}