{"id":207,"date":"2018-12-06T00:55:18","date_gmt":"2018-12-06T00:55:18","guid":{"rendered":"http:\/\/kerstinjaved.de\/?page_id=207"},"modified":"2026-01-01T23:15:19","modified_gmt":"2026-01-01T23:15:19","slug":"willkommen","status":"publish","type":"page","link":"https:\/\/kerstinjaved.de\/","title":{"rendered":"Willkommen"},"content":{"rendered":"<p style=\"text-align: center;\"><strong>Herzlich Willkommen in meiner Welt!\u00a0<\/strong><\/p>\n<p>&nbsp;<\/p>\n<p style=\"text-align: center;\"><strong>In meinem Studio<\/strong> erwartet Sie ein <strong>freundlicher Service<\/strong> aus ge\u00fcbter und erfahrener Hand.<\/p>\n<p style=\"text-align: center;\">Seid <strong>\u00fcber 16 Jahren<\/strong> ist es mein Hauptziel, Ihnen mit der medizinischen Fu\u00dfpflege, in einer entspannten Atmosph\u00e4re<\/p>\n<p style=\"text-align: center;\">eine kleine Entspannungsinsel zu bieten.<\/p>\n<p style=\"text-align: center;\"><strong>Gut gepflegte F\u00fc\u00dfe<\/strong> sind nicht nur bei Erkrankungen sehr wichtig, sondern schon fr\u00fchzeitig sollten Sie damit beginnen Ihre F\u00fc\u00dfe zu pflegen und regelm\u00e4\u00dfig im Auge zu haben. <strong>Pr\u00e4vention<\/strong> ist wichtig.<\/p>\n<p style=\"text-align: center;\">Einfach hinsehen und pflegen.<\/p>\n<p style=\"text-align: center;\">\u00a0Die <strong>medizinische Fu\u00dfpflege<\/strong> ist wirklich wichtig! Denken Sie einmal dar\u00fcber nach.<\/p>\n<p style=\"text-align: center;\">Einfach nur verw\u00f6hnen lassen, dabei entspannen, um letztendlich mit einem guten Gef\u00fchl in den F\u00fc\u00dfen und einem L\u00e4cheln im Gesicht nach Haus zu gehen. Wie w\u00e4re das?<\/p>\n<p style=\"text-align: center;\"><strong>Mir ist es wichtig<\/strong>, da\u00df Sie zufrieden nach Hause gehen und auch gerne wieder zur n\u00e4chsten Fu\u00dfpflege kommen.<\/p>\n<p style=\"text-align: center;\">Ich \u00a0k\u00fcmmern mich pers\u00f6nlich um Ihr Wohlbefinden und w\u00fcrde mich freuen, Sie bei mir begr\u00fc\u00dfen zu d\u00fcrfen.<\/p>\n<p style=\"text-align: center;\">Herzlichst Ihre Kerstin Javed<\/p>\n<p style=\"text-align: center;\">\n<p style=\"text-align: center;\"><img decoding=\"async\" class=\"alignnone  wp-image-184\" src=\"http:\/\/kerstinjaved.de\/wp-content\/uploads\/2018\/12\/MG_4947-300x200.jpg\" alt=\"\" width=\"242\" height=\"161\" srcset=\"https:\/\/kerstinjaved.de\/wp-content\/uploads\/2018\/12\/MG_4947-300x200.jpg 300w, https:\/\/kerstinjaved.de\/wp-content\/uploads\/2018\/12\/MG_4947-768x512.jpg 768w, https:\/\/kerstinjaved.de\/wp-content\/uploads\/2018\/12\/MG_4947-1024x683.jpg 1024w\" sizes=\"(max-width: 242px) 100vw, 242px\" \/><img decoding=\"async\" class=\"alignnone  wp-image-172\" src=\"http:\/\/kerstinjaved.de\/wp-content\/uploads\/2018\/12\/cropped-Foto-10.04.17-17-35-23-300x225.jpg\" alt=\"\" width=\"207\" height=\"155\" srcset=\"https:\/\/kerstinjaved.de\/wp-content\/uploads\/2018\/12\/cropped-Foto-10.04.17-17-35-23-300x225.jpg 300w, https:\/\/kerstinjaved.de\/wp-content\/uploads\/2018\/12\/cropped-Foto-10.04.17-17-35-23-768x576.jpg 768w, https:\/\/kerstinjaved.de\/wp-content\/uploads\/2018\/12\/cropped-Foto-10.04.17-17-35-23.jpg 1024w\" sizes=\"(max-width: 207px) 100vw, 207px\" \/><img decoding=\"async\" class=\"alignnone  wp-image-181\" src=\"http:\/\/kerstinjaved.de\/wp-content\/uploads\/2018\/12\/cropped-IMG_3029-300x225.jpg\" alt=\"\" width=\"207\" height=\"155\" srcset=\"https:\/\/kerstinjaved.de\/wp-content\/uploads\/2018\/12\/cropped-IMG_3029-300x225.jpg 300w, https:\/\/kerstinjaved.de\/wp-content\/uploads\/2018\/12\/cropped-IMG_3029-768x576.jpg 768w, https:\/\/kerstinjaved.de\/wp-content\/uploads\/2018\/12\/cropped-IMG_3029-1024x768.jpg 1024w, https:\/\/kerstinjaved.de\/wp-content\/uploads\/2018\/12\/cropped-IMG_3029.jpg 2000w\" sizes=\"(max-width: 207px) 100vw, 207px\" \/><\/p>\n","protected":false},"excerpt":{"rendered":"<p>Herzlich Willkommen in meiner Welt!\u00a0 &nbsp; In meinem Studio erwartet Sie ein freundlicher Service aus ge\u00fcbter und erfahrener Hand. Seid \u00fcber 16 Jahren ist es mein Hauptziel, Ihnen mit der medizinischen Fu\u00dfpflege, in einer entspannten Atmosph\u00e4re eine kleine Entspannungsinsel zu bieten. Gut gepflegte F\u00fc\u00dfe sind nicht nur bei Erkrankungen sehr wichtig, sondern schon fr\u00fchzeitig sollten<\/p>\n","protected":false},"author":1,"featured_media":0,"parent":0,"menu_order":0,"comment_status":"closed","ping_status":"closed","template":"","meta":{"footnotes":""},"class_list":["post-207","page","type-page","status-publish","hentry"],"_links":{"self":[{"href":"https:\/\/kerstinjaved.de\/index.php?rest_route=\/wp\/v2\/pages\/207","targetHints":{"allow":["GET"]}}],"collection":[{"href":"https:\/\/kerstinjaved.de\/index.php?rest_route=\/wp\/v2\/pages"}],"about":[{"href":"https:\/\/kerstinjaved.de\/index.php?rest_route=\/wp\/v2\/types\/page"}],"author":[{"embeddable":true,"href":"https:\/\/kerstinjaved.de\/index.php?rest_route=\/wp\/v2\/users\/1"}],"replies":[{"embeddable":true,"href":"https:\/\/kerstinjaved.de\/index.php?rest_route=%2Fwp%2Fv2%2Fcomments&post=207"}],"version-history":[{"count":17,"href":"https:\/\/kerstinjaved.de\/index.php?rest_route=\/wp\/v2\/pages\/207\/revisions"}],"predecessor-version":[{"id":318,"href":"https:\/\/kerstinjaved.de\/index.php?rest_route=\/wp\/v2\/pages\/207\/revisions\/318"}],"wp:attachment":[{"href":"https:\/\/kerstinjaved.de\/index.php?rest_route=%2Fwp%2Fv2%2Fmedia&parent=207"}],"curies":[{"name":"wp","href":"https:\/\/api.w.org\/{rel}","templated":true}]}}